{"id":54,"date":"2025-02-07T09:58:14","date_gmt":"2025-02-07T09:58:14","guid":{"rendered":"https:\/\/topping-tours.com\/?page_id=54"},"modified":"2026-03-25T13:41:53","modified_gmt":"2026-03-25T13:41:53","slug":"faq","status":"publish","type":"page","link":"https:\/\/topping-tours.com\/en\/faq\/","title":{"rendered":"FAQ"},"content":{"rendered":"<div class=\"wpb-content-wrapper\"><div class=\"vc_row wpb_row vc_row-fluid\"><div class=\"wpb_column vc_column_container vc_col-sm-12\"><div class=\"vc_column-inner\"><div class=\"wpb_wrapper\"><div class=\"row justify-content-center\"><div class=\"col-12 col-md-10 col-lg-6\"><div class=\"section-title text-center\"><h3>Frequently Asked Questions<\/h3><\/div><\/div><\/div><\/div><\/div><\/div><\/div><div class=\"vc_row wpb_row vc_row-fluid\"><div class=\"wpb_column vc_column_container vc_col-sm-12\"><div class=\"vc_column-inner\"><div class=\"wpb_wrapper\"><div id=\"accordion1\" class=\"accordion\" role=\"tablist\" ><\/div><div id=\"accordion2\" class=\"accordion\" role=\"tablist\" ><div class=\"accordion-item\">\r\n\t\t\t\t\t<div class=\"accordion-header\" id=\"heading-1\">\r\n\t\t\t\t\t\t<h5><a class=\"accordion-button\" href=\"#collapse-1\" role=\"button\" aria-expanded=\"true\" data-bs-toggle=\"collapse\" aria-controls=\"collapse-1\">What is Topping Tours?<\/a><\/h5>\r\n\t\t\t\t\t<\/div>\r\n\t\t\t\t\t<div id=\"collapse-1\" class=\"accordion-collapse collapse show\" aria-labelledby=\"heading-1\" data-bs-parent=\"#accordion2\">\r\n\t\t\t\t\t\t<div class=\"accordion-body\">\r\n\t\t\t\t\t\t\t<p>Topping Tours is an app that lets you enjoy customized walking tours or take advantage of pre-designed free tours. With customized tours, you decide, and experience sightseeing exactly the way you want.<\/p>\r\n\t\t\t\t\t\t<\/div>\r\n\t\t\t\t\t<\/div>\r\n\t\t\t\t<\/div><div class=\"accordion-item\">\r\n\t\t\t\t\t<div class=\"accordion-header\" id=\"heading-2\">\r\n\t\t\t\t\t\t<h5><a class=\"accordion-button collapsed\" href=\"#collapse-2\" role=\"button\" aria-expanded=\"false\" data-bs-toggle=\"collapse\" aria-controls=\"collapse-2\">Who is Topping Tours suitable for?<\/a><\/h5>\r\n\t\t\t\t\t<\/div>\r\n\t\t\t\t\t<div id=\"collapse-2\" class=\"accordion-collapse collapse\" aria-labelledby=\"heading-2\" data-bs-parent=\"#accordion2\">\r\n\t\t\t\t\t\t<div class=\"accordion-body\">\r\n\t\t\t\t\t\t\t<p>Whether you're traveling alone, with family or friends, or planning a fun or magical walk around your city with your kids... Topping Tours is truly fun for everyone!<\/p>\r\n\t\t\t\t\t\t<\/div>\r\n\t\t\t\t\t<\/div>\r\n\t\t\t\t<\/div><div class=\"accordion-item\">\r\n\t\t\t\t\t<div class=\"accordion-header\" id=\"heading-3\">\r\n\t\t\t\t\t\t<h5><a class=\"accordion-button collapsed\" href=\"#collapse-3\" role=\"button\" aria-expanded=\"false\" data-bs-toggle=\"collapse\" aria-controls=\"collapse-3\">What are Toppings and which ones are available?<\/a><\/h5>\r\n\t\t\t\t\t<\/div>\r\n\t\t\t\t\t<div id=\"collapse-3\" class=\"accordion-collapse collapse\" aria-labelledby=\"heading-3\" data-bs-parent=\"#accordion2\">\r\n\t\t\t\t\t\t<div class=\"accordion-body\">\r\n\t\t\t\t\t\t\t<p>Toppings are playful extras that make every tour even more exciting. At each stop, the corresponding Topping is displayed based on the facts about the attraction. Trust me, this makes your tour even more unique!<\/p>\n<p>Currently the Toppings<\/p>\n<ul>\n<li>Black Stories<\/li>\n<li>Jokes<\/li>\n<li>Quiz<\/li>\n<li>Fairy Tales<\/li>\n<\/ul>\n<p>are available.<\/p>\r\n\t\t\t\t\t\t<\/div>\r\n\t\t\t\t\t<\/div>\r\n\t\t\t\t<\/div><div class=\"accordion-item\">\r\n\t\t\t\t\t<div class=\"accordion-header\" id=\"heading-4\">\r\n\t\t\t\t\t\t<h5><a class=\"accordion-button collapsed\" href=\"#collapse-4\" role=\"button\" aria-expanded=\"false\" data-bs-toggle=\"collapse\" aria-controls=\"collapse-4\">Can I test the app before purchasing it?<\/a><\/h5>\r\n\t\t\t\t\t<\/div>\r\n\t\t\t\t\t<div id=\"collapse-4\" class=\"accordion-collapse collapse\" aria-labelledby=\"heading-4\" data-bs-parent=\"#accordion2\">\r\n\t\t\t\t\t\t<div class=\"accordion-body\">\r\n\t\t\t\t\t\t\t<p>Yes. The app is available for free in the app stores. Free tours can be enjoyed as often as you like. Creating a custom tour requires Toins (Topping Tours Coins, our internal currency), which can be purchased through in-app purchases.<\/p>\r\n\t\t\t\t\t\t<\/div>\r\n\t\t\t\t\t<\/div>\r\n\t\t\t\t<\/div><div class=\"accordion-item\">\r\n\t\t\t\t\t<div class=\"accordion-header\" id=\"heading-5\">\r\n\t\t\t\t\t\t<h5><a class=\"accordion-button collapsed\" href=\"#collapse-5\" role=\"button\" aria-expanded=\"false\" data-bs-toggle=\"collapse\" aria-controls=\"collapse-5\">How much does it cost to create a custom tour?<\/a><\/h5>\r\n\t\t\t\t\t<\/div>\r\n\t\t\t\t\t<div id=\"collapse-5\" class=\"accordion-collapse collapse\" aria-labelledby=\"heading-5\" data-bs-parent=\"#accordion2\">\r\n\t\t\t\t\t\t<div class=\"accordion-body\">\r\n\t\t\t\t\t\t\t<p>To create custom tours, you need to purchase Toins (Topping Tour Coins) via in-app purchase. Creating a single tour requires 2 Toins, which is equivalent to \u20ac6. A bargain, don't you think?<\/p>\r\n\t\t\t\t\t\t<\/div>\r\n\t\t\t\t\t<\/div>\r\n\t\t\t\t<\/div><div class=\"accordion-item\">\r\n\t\t\t\t\t<div class=\"accordion-header\" id=\"heading-6\">\r\n\t\t\t\t\t\t<h5><a class=\"accordion-button collapsed\" href=\"#collapse-6\" role=\"button\" aria-expanded=\"false\" data-bs-toggle=\"collapse\" aria-controls=\"collapse-6\">Are entrance fees included in the tour price?<\/a><\/h5>\r\n\t\t\t\t\t<\/div>\r\n\t\t\t\t\t<div id=\"collapse-6\" class=\"accordion-collapse collapse\" aria-labelledby=\"heading-6\" data-bs-parent=\"#accordion2\">\r\n\t\t\t\t\t\t<div class=\"accordion-body\">\r\n\t\t\t\t\t\t\t<p>No. If your tour includes museums, for example, you can, in addition to the facts and Toppings about the museum itself (which Topping Tours provides), also visit the museum or exhibitions. However, admission fees are not included in the tour price. Also, be sure to inquire about opening hours and capacity if you plan to visit a museum, for example.<\/p>\r\n\t\t\t\t\t\t<\/div>\r\n\t\t\t\t\t<\/div>\r\n\t\t\t\t<\/div><div class=\"accordion-item\">\r\n\t\t\t\t\t<div class=\"accordion-header\" id=\"heading-7\">\r\n\t\t\t\t\t\t<h5><a class=\"accordion-button collapsed\" href=\"#collapse-7\" role=\"button\" aria-expanded=\"false\" data-bs-toggle=\"collapse\" aria-controls=\"collapse-7\">In which countries can I use Topping Tours?<\/a><\/h5>\r\n\t\t\t\t\t<\/div>\r\n\t\t\t\t\t<div id=\"collapse-7\" class=\"accordion-collapse collapse\" aria-labelledby=\"heading-7\" data-bs-parent=\"#accordion2\">\r\n\t\t\t\t\t\t<div class=\"accordion-body\">\r\n\t\t\t\t\t\t\t<p>Tours can currently be created and used in the following countries:<\/p>\n<ul>\n<li>Austria<\/li>\n<li>Germany<\/li>\n<li>Switzerland<\/li>\n<li>Italy<\/li>\n<li>Slovenia<\/li>\n<li>Croatia<\/li>\n<\/ul>\n<p>More to follow!<\/p>\r\n\t\t\t\t\t\t<\/div>\r\n\t\t\t\t\t<\/div>\r\n\t\t\t\t<\/div><div class=\"accordion-item\">\r\n\t\t\t\t\t<div class=\"accordion-header\" id=\"heading-8\">\r\n\t\t\t\t\t\t<h5><a class=\"accordion-button collapsed\" href=\"#collapse-8\" role=\"button\" aria-expanded=\"false\" data-bs-toggle=\"collapse\" aria-controls=\"collapse-8\">In which languages is Topping Tours available?<\/a><\/h5>\r\n\t\t\t\t\t<\/div>\r\n\t\t\t\t\t<div id=\"collapse-8\" class=\"accordion-collapse collapse\" aria-labelledby=\"heading-8\" data-bs-parent=\"#accordion2\">\r\n\t\t\t\t\t\t<div class=\"accordion-body\">\r\n\t\t\t\t\t\t\t<p>Die App steht zu Beginn in den Sprachen Deutsch und Englisch zur Verf\u00fcgung (Englisch ist die Fallback-Sprache, sollte dein Smartphone mit einer anderen Sprache laufen). Die Tour-Inhalte werden in der Sprache generiert, die am Smartphone eingestellt ist, sofern es eine davon ist (Fallback-Sprache ist wieder Englisch):<\/p>\n<ul>\n<li>German<\/li>\n<li>English<\/li>\n<li>Netherlands<\/li>\n<li>Italian<\/li>\n<li>Slovenian<\/li>\n<li>Croatian<\/li>\n<\/ul>\n<p><\/p>\r\n\t\t\t\t\t\t<\/div>\r\n\t\t\t\t\t<\/div>\r\n\t\t\t\t<\/div><div class=\"accordion-item\">\r\n\t\t\t\t\t<div class=\"accordion-header\" id=\"heading-9\">\r\n\t\t\t\t\t\t<h5><a class=\"accordion-button collapsed\" href=\"#collapse-9\" role=\"button\" aria-expanded=\"false\" data-bs-toggle=\"collapse\" aria-controls=\"collapse-9\">How long does it take to create a custom tour?<\/a><\/h5>\r\n\t\t\t\t\t<\/div>\r\n\t\t\t\t\t<div id=\"collapse-9\" class=\"accordion-collapse collapse\" aria-labelledby=\"heading-9\" data-bs-parent=\"#accordion2\">\r\n\t\t\t\t\t\t<div class=\"accordion-body\">\r\n\t\t\t\t\t\t\t<p>Creating a custom tour is done using advanced AI technologies and typically takes between 3 and 10 minutes. Please understand that in rare cases, it may take a little longer \u2013 for example, if a large number of tours are being created simultaneously or the AI \u200b\u200binterfaces are temporarily at full capacity.<\/p>\r\n\t\t\t\t\t\t<\/div>\r\n\t\t\t\t\t<\/div>\r\n\t\t\t\t<\/div><div class=\"accordion-item\">\r\n\t\t\t\t\t<div class=\"accordion-header\" id=\"heading-10\">\r\n\t\t\t\t\t\t<h5><a class=\"accordion-button collapsed\" href=\"#collapse-10\" role=\"button\" aria-expanded=\"false\" data-bs-toggle=\"collapse\" aria-controls=\"collapse-10\">How can I experience a tour with other people?<\/a><\/h5>\r\n\t\t\t\t\t<\/div>\r\n\t\t\t\t\t<div id=\"collapse-10\" class=\"accordion-collapse collapse\" aria-labelledby=\"heading-10\" data-bs-parent=\"#accordion2\">\r\n\t\t\t\t\t\t<div class=\"accordion-body\">\r\n\t\t\t\t\t\t\t<p>It's easy. Once you've created a custom tour, you'll see a QR code (also accessible under \"All Tours\" &gt; \"My Tours\" &gt; \"Share Tour\"). Up to five other people can scan this QR code in their Topping Tours app using the \"Join Tour\" function, and the same tour will be available to them under \"All Tours\" &gt; \"My Tours.\" And the best part: Sharing is free! So, if there are six of you, the experience costs just \u20ac1 per participant!<\/p>\r\n\t\t\t\t\t\t<\/div>\r\n\t\t\t\t\t<\/div>\r\n\t\t\t\t<\/div><div class=\"accordion-item\">\r\n\t\t\t\t\t<div class=\"accordion-header\" id=\"heading-11\">\r\n\t\t\t\t\t\t<h5><a class=\"accordion-button collapsed\" href=\"#collapse-11\" role=\"button\" aria-expanded=\"false\" data-bs-toggle=\"collapse\" aria-controls=\"collapse-11\">Do I need internet during the tour?<\/a><\/h5>\r\n\t\t\t\t\t<\/div>\r\n\t\t\t\t\t<div id=\"collapse-11\" class=\"accordion-collapse collapse\" aria-labelledby=\"heading-11\" data-bs-parent=\"#accordion2\">\r\n\t\t\t\t\t\t<div class=\"accordion-body\">\r\n\t\t\t\t\t\t\t<p>Yes, a stable internet connection is currently required both to create and experience a tour. As soon as offline functionality is available, we'll be happy to inform you via the app.<\/p>\r\n\t\t\t\t\t\t<\/div>\r\n\t\t\t\t\t<\/div>\r\n\t\t\t\t<\/div><div class=\"accordion-item\">\r\n\t\t\t\t\t<div class=\"accordion-header\" id=\"heading-12\">\r\n\t\t\t\t\t\t<h5><a class=\"accordion-button collapsed\" href=\"#collapse-12\" role=\"button\" aria-expanded=\"false\" data-bs-toggle=\"collapse\" aria-controls=\"collapse-12\">What role does artificial intelligence play in Topping Tours?<\/a><\/h5>\r\n\t\t\t\t\t<\/div>\r\n\t\t\t\t\t<div id=\"collapse-12\" class=\"accordion-collapse collapse\" aria-labelledby=\"heading-12\" data-bs-parent=\"#accordion2\">\r\n\t\t\t\t\t\t<div class=\"accordion-body\">\r\n\t\t\t\t\t\t\t<p>AI services support Topping Tours in creating customized tours. This includes the facts and Toppings for the individually selected points of interest. The voice output is also generated with the help of artificial intelligence. This offers you the opportunity to create a customized tour with your desired sights, your desired Toppings, and in your language, within just a few minutes!<\/p>\r\n\t\t\t\t\t\t<\/div>\r\n\t\t\t\t\t<\/div>\r\n\t\t\t\t<\/div><div class=\"accordion-item\">\r\n\t\t\t\t\t<div class=\"accordion-header\" id=\"heading-13\">\r\n\t\t\t\t\t\t<h5><a class=\"accordion-button collapsed\" href=\"#collapse-13\" role=\"button\" aria-expanded=\"false\" data-bs-toggle=\"collapse\" aria-controls=\"collapse-13\">Which devices are supported?<\/a><\/h5>\r\n\t\t\t\t\t<\/div>\r\n\t\t\t\t\t<div id=\"collapse-13\" class=\"accordion-collapse collapse\" aria-labelledby=\"heading-13\" data-bs-parent=\"#accordion2\">\r\n\t\t\t\t\t\t<div class=\"accordion-body\">\r\n\t\t\t\t\t\t\t<p>Topping Tours is available for both iOS (Apple Store) and Android (Google Play Store). You can find the system requirements directly in the respective stores.<\/p>\r\n\t\t\t\t\t\t<\/div>\r\n\t\t\t\t\t<\/div>\r\n\t\t\t\t<\/div><div class=\"accordion-item\">\r\n\t\t\t\t\t<div class=\"accordion-header\" id=\"heading-14\">\r\n\t\t\t\t\t\t<h5><a class=\"accordion-button collapsed\" href=\"#collapse-14\" role=\"button\" aria-expanded=\"false\" data-bs-toggle=\"collapse\" aria-controls=\"collapse-14\">How can I give feedback about the app or a tour?<\/a><\/h5>\r\n\t\t\t\t\t<\/div>\r\n\t\t\t\t\t<div id=\"collapse-14\" class=\"accordion-collapse collapse\" aria-labelledby=\"heading-14\" data-bs-parent=\"#accordion2\">\r\n\t\t\t\t\t\t<div class=\"accordion-body\">\r\n\t\t\t\t\t\t\t<p>You'll find a feedback option in the app under \"Settings\" &gt; \"Support.\" Feel free to use this feedback form to help us improve Topping Tours. Thanks \ud83d\ude42<\/p>\r\n\t\t\t\t\t\t<\/div>\r\n\t\t\t\t\t<\/div>\r\n\t\t\t\t<\/div><\/div><\/div><\/div><\/div><\/div>\n<\/div>","protected":false},"excerpt":{"rendered":"H\u00e4ufig gestellte Fragen Was ist Topping Tours? Topping Tours ist eine App, mit der man individuell gestaltete Fu\u00dfweg-Touren genie\u00dfen, oder fix fertige Gratis-Touren erleben kann. Bei individuellen Touren bestimmst du, und machst Sightseeing ganz nach deinem Geschmack. F\u00fcr wen ist Topping Tours geeignet? Egal, ob du alleine reist, mit Familie oder Freunden unterwegs bist, oder [...]","protected":false},"author":1,"featured_media":0,"parent":0,"menu_order":0,"comment_status":"closed","ping_status":"closed","template":"","meta":{"_coblocks_attr":"","_coblocks_dimensions":"","_coblocks_responsive_height":"","_coblocks_accordion_ie_support":"","footnotes":""},"class_list":["post-54","page","type-page","status-publish","hentry"],"yoast_head":"<!-- This site is optimized with the Yoast SEO plugin v27.4 - https:\/\/yoast.com\/product\/yoast-seo-wordpress\/ -->\n<title>FAQ - Topping Tours<\/title>\n<meta name=\"robots\" content=\"index, follow, max-snippet:-1, max-image-preview:large, max-video-preview:-1\" \/>\n<link rel=\"canonical\" href=\"https:\/\/topping-tours.com\/en\/faq\/\" \/>\n<meta property=\"og:locale\" content=\"en_GB\" \/>\n<meta property=\"og:type\" content=\"article\" \/>\n<meta property=\"og:title\" content=\"FAQ - Topping Tours\" \/>\n<meta property=\"og:url\" content=\"https:\/\/topping-tours.com\/en\/faq\/\" \/>\n<meta property=\"og:site_name\" content=\"Topping Tours\" \/>\n<meta property=\"article:modified_time\" content=\"2026-03-25T13:41:53+00:00\" \/>\n<meta name=\"twitter:card\" content=\"summary_large_image\" \/>\n<meta name=\"twitter:label1\" content=\"Estimated reading time\" \/>\n\t<meta name=\"twitter:data1\" content=\"4 minutes\" \/>\n<script type=\"application\/ld+json\" class=\"yoast-schema-graph\">{\"@context\":\"https:\\\/\\\/schema.org\",\"@graph\":[{\"@type\":\"WebPage\",\"@id\":\"https:\\\/\\\/topping-tours.com\\\/faq\\\/\",\"url\":\"https:\\\/\\\/topping-tours.com\\\/faq\\\/\",\"name\":\"FAQ - Topping Tours\",\"isPartOf\":{\"@id\":\"https:\\\/\\\/topping-tours.com\\\/#website\"},\"datePublished\":\"2025-02-07T09:58:14+00:00\",\"dateModified\":\"2026-03-25T13:41:53+00:00\",\"breadcrumb\":{\"@id\":\"https:\\\/\\\/topping-tours.com\\\/faq\\\/#breadcrumb\"},\"inLanguage\":\"en-GB\",\"potentialAction\":[{\"@type\":\"ReadAction\",\"target\":[\"https:\\\/\\\/topping-tours.com\\\/faq\\\/\"]}]},{\"@type\":\"BreadcrumbList\",\"@id\":\"https:\\\/\\\/topping-tours.com\\\/faq\\\/#breadcrumb\",\"itemListElement\":[{\"@type\":\"ListItem\",\"position\":1,\"name\":\"Home\",\"item\":\"https:\\\/\\\/topping-tours.com\\\/\"},{\"@type\":\"ListItem\",\"position\":2,\"name\":\"FAQ\"}]},{\"@type\":\"WebSite\",\"@id\":\"https:\\\/\\\/topping-tours.com\\\/#website\",\"url\":\"https:\\\/\\\/topping-tours.com\\\/\",\"name\":\"Topping Tours\",\"description\":\"Sightseeing so individuell wie du es bist!\",\"potentialAction\":[{\"@type\":\"SearchAction\",\"target\":{\"@type\":\"EntryPoint\",\"urlTemplate\":\"https:\\\/\\\/topping-tours.com\\\/?s={search_term_string}\"},\"query-input\":{\"@type\":\"PropertyValueSpecification\",\"valueRequired\":true,\"valueName\":\"search_term_string\"}}],\"inLanguage\":\"en-GB\"}]}<\/script>\n<!-- \/ Yoast SEO plugin. -->","yoast_head_json":{"title":"FAQ - Topping Tours","robots":{"index":"index","follow":"follow","max-snippet":"max-snippet:-1","max-image-preview":"max-image-preview:large","max-video-preview":"max-video-preview:-1"},"canonical":"https:\/\/topping-tours.com\/en\/faq\/","og_locale":"en_GB","og_type":"article","og_title":"FAQ - Topping Tours","og_url":"https:\/\/topping-tours.com\/en\/faq\/","og_site_name":"Topping Tours","article_modified_time":"2026-03-25T13:41:53+00:00","twitter_card":"summary_large_image","twitter_misc":{"Estimated reading time":"4 minutes"},"schema":{"@context":"https:\/\/schema.org","@graph":[{"@type":"WebPage","@id":"https:\/\/topping-tours.com\/faq\/","url":"https:\/\/topping-tours.com\/faq\/","name":"FAQ - Topping Tours","isPartOf":{"@id":"https:\/\/topping-tours.com\/#website"},"datePublished":"2025-02-07T09:58:14+00:00","dateModified":"2026-03-25T13:41:53+00:00","breadcrumb":{"@id":"https:\/\/topping-tours.com\/faq\/#breadcrumb"},"inLanguage":"en-GB","potentialAction":[{"@type":"ReadAction","target":["https:\/\/topping-tours.com\/faq\/"]}]},{"@type":"BreadcrumbList","@id":"https:\/\/topping-tours.com\/faq\/#breadcrumb","itemListElement":[{"@type":"ListItem","position":1,"name":"Home","item":"https:\/\/topping-tours.com\/"},{"@type":"ListItem","position":2,"name":"FAQ"}]},{"@type":"WebSite","@id":"https:\/\/topping-tours.com\/#website","url":"https:\/\/topping-tours.com\/","name":"Topping Tours","description":"Sightseeing as individual as you are!","potentialAction":[{"@type":"SearchAction","target":{"@type":"EntryPoint","urlTemplate":"https:\/\/topping-tours.com\/?s={search_term_string}"},"query-input":{"@type":"PropertyValueSpecification","valueRequired":true,"valueName":"search_term_string"}}],"inLanguage":"en-GB"}]}},"_links":{"self":[{"href":"https:\/\/topping-tours.com\/en\/wp-json\/wp\/v2\/pages\/54","targetHints":{"allow":["GET"]}}],"collection":[{"href":"https:\/\/topping-tours.com\/en\/wp-json\/wp\/v2\/pages"}],"about":[{"href":"https:\/\/topping-tours.com\/en\/wp-json\/wp\/v2\/types\/page"}],"author":[{"embeddable":true,"href":"https:\/\/topping-tours.com\/en\/wp-json\/wp\/v2\/users\/1"}],"replies":[{"embeddable":true,"href":"https:\/\/topping-tours.com\/en\/wp-json\/wp\/v2\/comments?post=54"}],"version-history":[{"count":19,"href":"https:\/\/topping-tours.com\/en\/wp-json\/wp\/v2\/pages\/54\/revisions"}],"predecessor-version":[{"id":730,"href":"https:\/\/topping-tours.com\/en\/wp-json\/wp\/v2\/pages\/54\/revisions\/730"}],"wp:attachment":[{"href":"https:\/\/topping-tours.com\/en\/wp-json\/wp\/v2\/media?parent=54"}],"curies":[{"name":"wp","href":"https:\/\/api.w.org\/{rel}","templated":true}]}}